{"id":5809,"date":"2024-02-12T11:37:14","date_gmt":"2024-02-12T10:37:14","guid":{"rendered":"https:\/\/actio-personal.de\/procedura-zglaszania-nieprawidlowosci\/"},"modified":"2024-03-08T21:44:04","modified_gmt":"2024-03-08T20:44:04","slug":"procedura-zglaszania-nieprawidlowosci","status":"publish","type":"page","link":"https:\/\/actio-personal.de\/pl\/procedura-zglaszania-nieprawidlowosci\/","title":{"rendered":"Procedura zg\u0142aszania nieprawid\u0142owo\u015bci"},"content":{"rendered":"\t\t<div data-elementor-type=\"wp-page\" data-elementor-id=\"5809\" class=\"elementor elementor-5809 elementor-4251\" data-elementor-post-type=\"page\">\n\t\t\t\t\t\t<section class=\"elementor-section elementor-top-section elementor-element elementor-element-fa9c841 elementor-section-boxed elementor-section-height-default elementor-section-height-default wpr-particle-no wpr-jarallax-no wpr-parallax-no wpr-sticky-section-no\" data-id=\"fa9c841\" data-element_type=\"section\">\n\t\t\t\t\t\t<div class=\"elementor-container elementor-column-gap-default\">\n\t\t\t\t\t<div class=\"elementor-column elementor-col-100 elementor-top-column elementor-element elementor-element-1ebb25f\" data-id=\"1ebb25f\" data-element_type=\"column\">\n\t\t\t<div class=\"elementor-widget-wrap elementor-element-populated\">\n\t\t\t\t\t\t<div class=\"elementor-element elementor-element-69bd2e5 elementor-widget elementor-widget-text-editor\" data-id=\"69bd2e5\" data-element_type=\"widget\" data-widget_type=\"text-editor.default\">\n\t\t\t\t<div class=\"elementor-widget-container\">\n\t\t\t\t\t\t\t\t\tNa tej stronie mo\u017cna anonimowo zg\u0142asza\u0107 informacje i przest\u0119pstwa. Mo\u017cna zg\u0142asza\u0107 informacje o naruszeniach prawa &#8211; zar\u00f3wno podejrzeniach, jak i potencjalnych naruszeniach prawa &#8211; pope\u0142nionych przez nas jako firm\u0119 lub przez osoby dzia\u0142aj\u0105ce w imieniu naszej firmy. Dotyczy to w szczeg\u00f3lno\u015bci przest\u0119pstw przeciwko:\n\n\n<ul>\n \t<li>Dyskryminacja,<\/li>\n<li>napa\u015bci na tle seksualnym,<\/li>\n<li>Korupcja,<\/li>\n<li>Przepisy dotycz\u0105ce kar lub grzywien,<\/li>\n<li>ale tak\u017ce przeciwko innym przepisom prawa federalnego, stanowego lub europejskiego<\/li>\n<\/ul>\nRodzaje przest\u0119pstw obj\u0119tych szczeg\u00f3\u0142owymi przepisami s\u0105 uregulowane w \u00a72 HinSchG.\t\t\t\t\t\t\t\t<\/div>\n\t\t\t\t<\/div>\n\t\t\t\t\t<\/div>\n\t\t<\/div>\n\t\t\t\t\t<\/div>\n\t\t<\/section>\n\t\t\t\t<section class=\"elementor-section elementor-top-section elementor-element elementor-element-b9194f9 elementor-section-boxed elementor-section-height-default elementor-section-height-default wpr-particle-no wpr-jarallax-no wpr-parallax-no wpr-sticky-section-no\" data-id=\"b9194f9\" data-element_type=\"section\">\n\t\t\t\t\t\t<div class=\"elementor-container elementor-column-gap-default\">\n\t\t\t\t\t<div class=\"elementor-column elementor-col-50 elementor-top-column elementor-element elementor-element-e51c57b\" data-id=\"e51c57b\" data-element_type=\"column\">\n\t\t\t<div class=\"elementor-widget-wrap elementor-element-populated\">\n\t\t\t\t\t\t<div class=\"elementor-element elementor-element-93dea5e elementor-widget elementor-widget-heading\" data-id=\"93dea5e\" data-element_type=\"widget\" data-widget_type=\"heading.default\">\n\t\t\t\t<div class=\"elementor-widget-container\">\n\t\t\t\t\t<h2 class=\"elementor-heading-title elementor-size-default\">Formularz kontaktowy<\/h2>\t\t\t\t<\/div>\n\t\t\t\t<\/div>\n\t\t\t\t<div class=\"elementor-element elementor-element-102234e elementor-widget elementor-widget-text-editor\" data-id=\"102234e\" data-element_type=\"widget\" data-widget_type=\"text-editor.default\">\n\t\t\t\t<div class=\"elementor-widget-container\">\n\t\t\t\t\t\t\t\t\t<p><strong>Dalsze opcje raportowania<\/strong><br \/>Skrzynka skarg i informacji w biurze<\/p>\n<p>Poczt\u0105: <a href=\"mailto:hinweis@actio-personal.de\">hinweis@actio-personal.de<\/a><br \/>Telefonicznie: <a href=\"tel:051167669560\">0511-67669560<\/a><br \/>Poczt\u0105:<br \/><span style=\"font-size: 16px; font-style: normal; font-weight: 400;\">actio Personal GmbH<\/span><br \/><span style=\"font-size: 16px; font-style: normal; font-weight: 400;\">z.Hd. Hinweisgeberstelle <\/span><br \/><span style=\"font-size: 16px; font-style: normal; font-weight: 400;\">Am Marstall 1a<\/span><br \/><span style=\"font-size: 16px; font-style: normal; font-weight: 400;\">30159 Hannover<\/span><\/p>\n<p>Po otrzymaniu zg\u0142oszenia u\u017cytkownik otrzyma potwierdzenie jego otrzymania. Jak r\u00f3wnie\u017c status przetwarzania i \u015brodki.  <br \/>W przypadku informacji anonimowych informacje te s\u0105 sprawdzane i podejmowane s\u0105 odpowiednie dzia\u0142ania. <br \/>Dzi\u0119kuj\u0119 bardzo.<\/p>\n\t\t\t\t\t\t\t\t<\/div>\n\t\t\t\t<\/div>\n\t\t\t\t\t<\/div>\n\t\t<\/div>\n\t\t\t\t<div class=\"elementor-column elementor-col-50 elementor-top-column elementor-element elementor-element-bb716b1\" data-id=\"bb716b1\" data-element_type=\"column\">\n\t\t\t<div class=\"elementor-widget-wrap elementor-element-populated\">\n\t\t\t\t\t\t<div class=\"elementor-element elementor-element-5d1e7b6 elementor-button-align-stretch elementor-widget elementor-widget-form\" data-id=\"5d1e7b6\" data-element_type=\"widget\" data-settings=\"{&quot;button_width&quot;:&quot;40&quot;,&quot;step_next_label&quot;:&quot;Nast\\u0119pny&quot;,&quot;step_previous_label&quot;:&quot;Poprzedni&quot;,&quot;step_type&quot;:&quot;number_text&quot;,&quot;step_icon_shape&quot;:&quot;circle&quot;}\" data-widget_type=\"form.default\">\n\t\t\t\t<div class=\"elementor-widget-container\">\n\t\t\t\t\t\t\t<form class=\"elementor-form\" method=\"post\" name=\"Nowy formularz\">\n\t\t\t<input type=\"hidden\" name=\"post_id\" value=\"5809\"\/>\n\t\t\t<input type=\"hidden\" name=\"form_id\" value=\"5d1e7b6\"\/>\n\t\t\t<input type=\"hidden\" name=\"referer_title\" value=\"Procedura zg\u0142aszania nieprawid\u0142owo\u015bci - actio neu\" \/>\n\n\t\t\t\t\t\t\t<input type=\"hidden\" name=\"queried_id\" value=\"5809\"\/>\n\t\t\t\n\t\t\t<div class=\"elementor-form-fields-wrapper elementor-labels-above\">\n\t\t\t\t\t\t\t\t<div class=\"elementor-field-type-text elementor-field-group elementor-column elementor-field-group-name elementor-col-100\">\n\t\t\t\t\t\t\t\t\t\t\t\t<label for=\"form-field-name\" class=\"elementor-field-label\">\n\t\t\t\t\t\t\t\tNazwa\t\t\t\t\t\t\t<\/label>\n\t\t\t\t\t\t\t\t\t\t\t\t\t\t<input size=\"1\" type=\"text\" name=\"form_fields[name]\" id=\"form-field-name\" class=\"elementor-field elementor-size-xs  elementor-field-textual\">\n\t\t\t\t\t\t\t\t\t\t\t<\/div>\n\t\t\t\t\t\t\t\t<div class=\"elementor-field-type-email elementor-field-group elementor-column elementor-field-group-email elementor-col-100\">\n\t\t\t\t\t\t\t\t\t\t\t\t<label for=\"form-field-email\" class=\"elementor-field-label\">\n\t\t\t\t\t\t\t\tE-Mail\t\t\t\t\t\t\t<\/label>\n\t\t\t\t\t\t\t\t\t\t\t\t\t\t<input size=\"1\" type=\"email\" name=\"form_fields[email]\" id=\"form-field-email\" class=\"elementor-field elementor-size-xs  elementor-field-textual\">\n\t\t\t\t\t\t\t\t\t\t\t<\/div>\n\t\t\t\t\t\t\t\t<div class=\"elementor-field-type-textarea elementor-field-group elementor-column elementor-field-group-message elementor-col-100\">\n\t\t\t\t\t\t\t\t\t\t\t\t<label for=\"form-field-message\" class=\"elementor-field-label\">\n\t\t\t\t\t\t\t\tWiadomo\u015b\u0107\t\t\t\t\t\t\t<\/label>\n\t\t\t\t\t\t<textarea class=\"elementor-field-textual elementor-field  elementor-size-xs\" name=\"form_fields[message]\" id=\"form-field-message\" rows=\"4\"><\/textarea>\t\t\t\t<\/div>\n\t\t\t\t\t\t\t\t<div class=\"elementor-field-group elementor-column elementor-field-type-submit elementor-col-40 e-form__buttons\">\n\t\t\t\t\t<button class=\"elementor-button elementor-size-sm\" type=\"submit\">\n\t\t\t\t\t\t<span class=\"elementor-button-content-wrapper\">\n\t\t\t\t\t\t\t\t\t\t\t\t\t\t\t\t\t\t\t\t\t\t<span class=\"elementor-button-text\">Wy\u015blij<\/span>\n\t\t\t\t\t\t\t\t\t\t\t\t\t<\/span>\n\t\t\t\t\t<\/button>\n\t\t\t\t<\/div>\n\t\t\t<\/div>\n\t\t<\/form>\n\t\t\t\t\t\t<\/div>\n\t\t\t\t<\/div>\n\t\t\t\t\t<\/div>\n\t\t<\/div>\n\t\t\t\t\t<\/div>\n\t\t<\/section>\n\t\t\t\t<\/div>\n\t\t","protected":false},"excerpt":{"rendered":"<p>Na tej stronie mo\u017cna anonimowo zg\u0142asza\u0107 informacje i przest\u0119pstwa. Mo\u017cna zg\u0142asza\u0107 informacje o naruszeniach prawa &#8211; zar\u00f3wno podejrzeniach, jak i potencjalnych naruszeniach prawa &#8211; pope\u0142nionych przez nas jako firm\u0119 lub przez osoby dzia\u0142aj\u0105ce w imieniu naszej firmy. Dotyczy to w szczeg\u00f3lno\u015bci przest\u0119pstw przeciwko: Dyskryminacja, napa\u015bci na tle seksualnym, Korupcja, Przepisy dotycz\u0105ce kar lub grzywien, ale tak\u017ce przeciwko innym przepisom prawa federalnego, stanowego lub europejskiego Rodzaje przest\u0119pstw obj\u0119tych szczeg\u00f3\u0142owymi przepisami s\u0105 uregulowane w \u00a72 HinSchG. Formularz kontaktowy Dalsze opcje raportowaniaSkrzynka skarg i informacji w biurze Poczt\u0105: hinweis@actio-personal.deTelefonicznie: 0511-67669560Poczt\u0105:actio Personal GmbHz.Hd. Hinweisgeberstelle Am Marstall 1a30159 Hannover Po otrzymaniu zg\u0142oszenia u\u017cytkownik otrzyma potwierdzenie jego otrzymania. Jak r\u00f3wnie\u017c status przetwarzania i \u015brodki. W przypadku informacji anonimowych informacje te s\u0105 sprawdzane i podejmowane s\u0105 odpowiednie dzia\u0142ania. Dzi\u0119kuj\u0119 bardzo.<\/p>\n","protected":false},"author":1,"featured_media":0,"parent":0,"menu_order":0,"comment_status":"closed","ping_status":"closed","template":"","meta":{"site-sidebar-layout":"no-sidebar","site-content-layout":"","ast-site-content-layout":"full-width-container","site-content-style":"default","site-sidebar-style":"default","ast-global-header-display":"","ast-banner-title-visibility":"","ast-main-header-display":"","ast-hfb-above-header-display":"","ast-hfb-below-header-display":"","ast-hfb-mobile-header-display":"","site-post-title":"disabled","ast-breadcrumbs-content":"","ast-featured-img":"disabled","footer-sml-layout":"","theme-transparent-header-meta":"","adv-header-id-meta":"","stick-header-meta":"","header-above-stick-meta":"","header-main-stick-meta":"","header-below-stick-meta":"","astra-migrate-meta-layouts":"","footnotes":""},"class_list":["post-5809","page","type-page","status-publish","hentry"],"yoast_head":"<!-- This site is optimized with the Yoast SEO plugin v26.4 - https:\/\/yoast.com\/wordpress\/plugins\/seo\/ -->\n<title>Procedura zg\u0142aszania nieprawid\u0142owo\u015bci - actio neu<\/title>\n<meta name=\"robots\" content=\"noindex, nofollow\" \/>\n<meta property=\"og:locale\" content=\"pl_PL\" \/>\n<meta property=\"og:type\" content=\"article\" \/>\n<meta property=\"og:title\" content=\"Procedura zg\u0142aszania nieprawid\u0142owo\u015bci - actio neu\" \/>\n<meta property=\"og:description\" content=\"Na tej stronie mo\u017cna anonimowo zg\u0142asza\u0107 informacje i przest\u0119pstwa. Mo\u017cna zg\u0142asza\u0107 informacje o naruszeniach prawa &#8211; zar\u00f3wno podejrzeniach, jak i potencjalnych naruszeniach prawa &#8211; pope\u0142nionych przez nas jako firm\u0119 lub przez osoby dzia\u0142aj\u0105ce w imieniu naszej firmy. Dotyczy to w szczeg\u00f3lno\u015bci przest\u0119pstw przeciwko: Dyskryminacja, napa\u015bci na tle seksualnym, Korupcja, Przepisy dotycz\u0105ce kar lub grzywien, ale tak\u017ce przeciwko innym przepisom prawa federalnego, stanowego lub europejskiego Rodzaje przest\u0119pstw obj\u0119tych szczeg\u00f3\u0142owymi przepisami s\u0105 uregulowane w \u00a72 HinSchG. Formularz kontaktowy Dalsze opcje raportowaniaSkrzynka skarg i informacji w biurze Poczt\u0105: hinweis@actio-personal.deTelefonicznie: 0511-67669560Poczt\u0105:actio Personal GmbHz.Hd. Hinweisgeberstelle Am Marstall 1a30159 Hannover Po otrzymaniu zg\u0142oszenia u\u017cytkownik otrzyma potwierdzenie jego otrzymania. Jak r\u00f3wnie\u017c status przetwarzania i \u015brodki. W przypadku informacji anonimowych informacje te s\u0105 sprawdzane i podejmowane s\u0105 odpowiednie dzia\u0142ania. Dzi\u0119kuj\u0119 bardzo.\" \/>\n<meta property=\"og:url\" content=\"https:\/\/actio-personal.de\/pl\/procedura-zglaszania-nieprawidlowosci\/\" \/>\n<meta property=\"og:site_name\" content=\"actio neu\" \/>\n<meta property=\"article:modified_time\" content=\"2024-03-08T20:44:04+00:00\" \/>\n<meta name=\"twitter:card\" content=\"summary_large_image\" \/>\n<meta name=\"twitter:label1\" content=\"Szacowany czas czytania\" \/>\n\t<meta name=\"twitter:data1\" content=\"1 minuta\" \/>\n<script type=\"application\/ld+json\" class=\"yoast-schema-graph\">{\"@context\":\"https:\/\/schema.org\",\"@graph\":[{\"@type\":\"WebPage\",\"@id\":\"https:\/\/actio-personal.de\/pl\/procedura-zglaszania-nieprawidlowosci\/\",\"url\":\"https:\/\/actio-personal.de\/pl\/procedura-zglaszania-nieprawidlowosci\/\",\"name\":\"Procedura zg\u0142aszania nieprawid\u0142owo\u015bci - actio neu\",\"isPartOf\":{\"@id\":\"https:\/\/actio-personal.de\/pl\/#website\"},\"datePublished\":\"2024-02-12T10:37:14+00:00\",\"dateModified\":\"2024-03-08T20:44:04+00:00\",\"breadcrumb\":{\"@id\":\"https:\/\/actio-personal.de\/pl\/procedura-zglaszania-nieprawidlowosci\/#breadcrumb\"},\"inLanguage\":\"pl-PL\",\"potentialAction\":[{\"@type\":\"ReadAction\",\"target\":[\"https:\/\/actio-personal.de\/pl\/procedura-zglaszania-nieprawidlowosci\/\"]}]},{\"@type\":\"BreadcrumbList\",\"@id\":\"https:\/\/actio-personal.de\/pl\/procedura-zglaszania-nieprawidlowosci\/#breadcrumb\",\"itemListElement\":[{\"@type\":\"ListItem\",\"position\":1,\"name\":\"Startseite\",\"item\":\"https:\/\/actio-personal.de\/pl\/\"},{\"@type\":\"ListItem\",\"position\":2,\"name\":\"Procedura zg\u0142aszania nieprawid\u0142owo\u015bci\"}]},{\"@type\":\"WebSite\",\"@id\":\"https:\/\/actio-personal.de\/pl\/#website\",\"url\":\"https:\/\/actio-personal.de\/pl\/\",\"name\":\"actio neu\",\"description\":\"\",\"publisher\":{\"@id\":\"https:\/\/actio-personal.de\/pl\/#organization\"},\"potentialAction\":[{\"@type\":\"SearchAction\",\"target\":{\"@type\":\"EntryPoint\",\"urlTemplate\":\"https:\/\/actio-personal.de\/pl\/?s={search_term_string}\"},\"query-input\":{\"@type\":\"PropertyValueSpecification\",\"valueRequired\":true,\"valueName\":\"search_term_string\"}}],\"inLanguage\":\"pl-PL\"},{\"@type\":\"Organization\",\"@id\":\"https:\/\/actio-personal.de\/pl\/#organization\",\"name\":\"actio neu\",\"url\":\"https:\/\/actio-personal.de\/pl\/\",\"logo\":{\"@type\":\"ImageObject\",\"inLanguage\":\"pl-PL\",\"@id\":\"https:\/\/actio-personal.de\/pl\/#\/schema\/logo\/image\/\",\"url\":\"https:\/\/actio-personal.de\/wp-content\/uploads\/2024\/03\/cropped-actio_Logo_2024_sRGB_O.png\",\"contentUrl\":\"https:\/\/actio-personal.de\/wp-content\/uploads\/2024\/03\/cropped-actio_Logo_2024_sRGB_O.png\",\"width\":1999,\"height\":904,\"caption\":\"actio neu\"},\"image\":{\"@id\":\"https:\/\/actio-personal.de\/pl\/#\/schema\/logo\/image\/\"}}]}<\/script>\n<!-- \/ Yoast SEO plugin. -->","yoast_head_json":{"title":"Procedura zg\u0142aszania nieprawid\u0142owo\u015bci - actio neu","robots":{"index":"noindex","follow":"nofollow"},"og_locale":"pl_PL","og_type":"article","og_title":"Procedura zg\u0142aszania nieprawid\u0142owo\u015bci - actio neu","og_description":"Na tej stronie mo\u017cna anonimowo zg\u0142asza\u0107 informacje i przest\u0119pstwa. Mo\u017cna zg\u0142asza\u0107 informacje o naruszeniach prawa &#8211; zar\u00f3wno podejrzeniach, jak i potencjalnych naruszeniach prawa &#8211; pope\u0142nionych przez nas jako firm\u0119 lub przez osoby dzia\u0142aj\u0105ce w imieniu naszej firmy. Dotyczy to w szczeg\u00f3lno\u015bci przest\u0119pstw przeciwko: Dyskryminacja, napa\u015bci na tle seksualnym, Korupcja, Przepisy dotycz\u0105ce kar lub grzywien, ale tak\u017ce przeciwko innym przepisom prawa federalnego, stanowego lub europejskiego Rodzaje przest\u0119pstw obj\u0119tych szczeg\u00f3\u0142owymi przepisami s\u0105 uregulowane w \u00a72 HinSchG. Formularz kontaktowy Dalsze opcje raportowaniaSkrzynka skarg i informacji w biurze Poczt\u0105: hinweis@actio-personal.deTelefonicznie: 0511-67669560Poczt\u0105:actio Personal GmbHz.Hd. Hinweisgeberstelle Am Marstall 1a30159 Hannover Po otrzymaniu zg\u0142oszenia u\u017cytkownik otrzyma potwierdzenie jego otrzymania. Jak r\u00f3wnie\u017c status przetwarzania i \u015brodki. W przypadku informacji anonimowych informacje te s\u0105 sprawdzane i podejmowane s\u0105 odpowiednie dzia\u0142ania. Dzi\u0119kuj\u0119 bardzo.","og_url":"https:\/\/actio-personal.de\/pl\/procedura-zglaszania-nieprawidlowosci\/","og_site_name":"actio neu","article_modified_time":"2024-03-08T20:44:04+00:00","twitter_card":"summary_large_image","twitter_misc":{"Szacowany czas czytania":"1 minuta"},"schema":{"@context":"https:\/\/schema.org","@graph":[{"@type":"WebPage","@id":"https:\/\/actio-personal.de\/pl\/procedura-zglaszania-nieprawidlowosci\/","url":"https:\/\/actio-personal.de\/pl\/procedura-zglaszania-nieprawidlowosci\/","name":"Procedura zg\u0142aszania nieprawid\u0142owo\u015bci - actio neu","isPartOf":{"@id":"https:\/\/actio-personal.de\/pl\/#website"},"datePublished":"2024-02-12T10:37:14+00:00","dateModified":"2024-03-08T20:44:04+00:00","breadcrumb":{"@id":"https:\/\/actio-personal.de\/pl\/procedura-zglaszania-nieprawidlowosci\/#breadcrumb"},"inLanguage":"pl-PL","potentialAction":[{"@type":"ReadAction","target":["https:\/\/actio-personal.de\/pl\/procedura-zglaszania-nieprawidlowosci\/"]}]},{"@type":"BreadcrumbList","@id":"https:\/\/actio-personal.de\/pl\/procedura-zglaszania-nieprawidlowosci\/#breadcrumb","itemListElement":[{"@type":"ListItem","position":1,"name":"Startseite","item":"https:\/\/actio-personal.de\/pl\/"},{"@type":"ListItem","position":2,"name":"Procedura zg\u0142aszania nieprawid\u0142owo\u015bci"}]},{"@type":"WebSite","@id":"https:\/\/actio-personal.de\/pl\/#website","url":"https:\/\/actio-personal.de\/pl\/","name":"actio neu","description":"","publisher":{"@id":"https:\/\/actio-personal.de\/pl\/#organization"},"potentialAction":[{"@type":"SearchAction","target":{"@type":"EntryPoint","urlTemplate":"https:\/\/actio-personal.de\/pl\/?s={search_term_string}"},"query-input":{"@type":"PropertyValueSpecification","valueRequired":true,"valueName":"search_term_string"}}],"inLanguage":"pl-PL"},{"@type":"Organization","@id":"https:\/\/actio-personal.de\/pl\/#organization","name":"actio neu","url":"https:\/\/actio-personal.de\/pl\/","logo":{"@type":"ImageObject","inLanguage":"pl-PL","@id":"https:\/\/actio-personal.de\/pl\/#\/schema\/logo\/image\/","url":"https:\/\/actio-personal.de\/wp-content\/uploads\/2024\/03\/cropped-actio_Logo_2024_sRGB_O.png","contentUrl":"https:\/\/actio-personal.de\/wp-content\/uploads\/2024\/03\/cropped-actio_Logo_2024_sRGB_O.png","width":1999,"height":904,"caption":"actio neu"},"image":{"@id":"https:\/\/actio-personal.de\/pl\/#\/schema\/logo\/image\/"}}]}},"_links":{"self":[{"href":"https:\/\/actio-personal.de\/pl\/wp-json\/wp\/v2\/pages\/5809","targetHints":{"allow":["GET"]}}],"collection":[{"href":"https:\/\/actio-personal.de\/pl\/wp-json\/wp\/v2\/pages"}],"about":[{"href":"https:\/\/actio-personal.de\/pl\/wp-json\/wp\/v2\/types\/page"}],"author":[{"embeddable":true,"href":"https:\/\/actio-personal.de\/pl\/wp-json\/wp\/v2\/users\/1"}],"replies":[{"embeddable":true,"href":"https:\/\/actio-personal.de\/pl\/wp-json\/wp\/v2\/comments?post=5809"}],"version-history":[{"count":0,"href":"https:\/\/actio-personal.de\/pl\/wp-json\/wp\/v2\/pages\/5809\/revisions"}],"wp:attachment":[{"href":"https:\/\/actio-personal.de\/pl\/wp-json\/wp\/v2\/media?parent=5809"}],"curies":[{"name":"wp","href":"https:\/\/api.w.org\/{rel}","templated":true}]}}